{"id":22,"date":"2016-11-04T23:03:07","date_gmt":"2016-11-04T22:03:07","guid":{"rendered":"https:\/\/www.canyoutrust.me\/?page_id=22"},"modified":"2018-04-12T15:29:22","modified_gmt":"2018-04-12T13:29:22","slug":"cyt","status":"publish","type":"page","link":"https:\/\/www.canyoutrust.me\/index.php\/fr\/cyt\/","title":{"rendered":"Can you trust . me"},"content":{"rendered":"<p><span style=\"text-decoration: underline;\">Objectif:<\/span> am\u00e9liorer les relations patient-e-s \/ m\u00e9decins.<\/p>\n<p><strong><em>Comment?<\/em><\/strong><\/p>\n<p>En communicant, cela semble \u00eatre un bon d\u00e9but.<br \/>\nMettre en avant des initiatives ou personnalit\u00e9s du web, pour d\u00e9-diaboliser le corps m\u00e9dical &amp;\u00a0donner plus de cr\u00e9dits aux patient-e-s, expert-e-s de leur propre exp\u00e9rience.<\/p>\n<p>Fournir d&rsquo;excellentes r\u00e9f\u00e9rences par l&rsquo;<a href=\"https:\/\/www.canyoutrust.me\/index.php\/fr\/index\/\">Index<\/a>.<br \/>\nAinsi faire le tri dans cette \u00e9norme toile d&rsquo;information qu&rsquo;est l&rsquo;internet.<\/p>\n<p>Permettre aux personnes en errance m\u00e9dicale ou devant dig\u00e9rer l&rsquo;annonce d&rsquo;un diagnostic, de trouver facilement une communaut\u00e9 de soutien ou des r\u00e9f\u00e9rences concernant une pathologie.<\/p>\n<p>En profiter pour faire de la sensibilisation sur des sujets vari\u00e9s.<br \/>\nComme les minorit\u00e9s, le harc\u00e8lement, l&rsquo;esprit critique, &#8230;<\/p>\n<p>Des articles, des d\u00e9bats, &#8230; et bien d&rsquo;autres \u00e0 venir!<\/p>\n<p style=\"text-align: right;\">C.Y.T. est un projet participatif.<br \/>\n<a href=\"https:\/\/www.canyoutrust.me\/index.php\/contact\/\">Osez contribuer?<\/a><\/p>\n<p style=\"text-align: left;\">~<\/p>\n<p style=\"text-align: left;\"><em><strong>Qui\u00a0est \u00e0 l&rsquo;origine du CYT?<\/strong><\/em><\/p>\n<p style=\"text-align: left;\">Charly, patient \u00e0 vie et futur m\u00e9decin.<br \/>\nIel est sensibilis\u00e9 depuis son enfance au handicap et autres minorit\u00e9s.<\/p>\n<p style=\"text-align: left;\">Iel\u00a0n&rsquo;aimait pas l&rsquo;h\u00f4pital, ni les m\u00e9decins, mais en tant que spoonie<br \/>\n(= personne atteinte de maladie chronique), iel allait devoir y aller souvent.<br \/>\nAlors pour que \u00e7a devienne plus facile \u00e0 vivre, iel a d\u00e9cid\u00e9 d&rsquo;\u00e9tudier la m\u00e9decine.<\/p>\n<p style=\"text-align: left;\">C&rsquo;est \u00e9trange d&rsquo;apprendre \u00e0 \u00eatre m\u00e9decin quand on se sent malade avant tout.<\/p>\n","protected":false},"excerpt":{"rendered":"<p>Objectif: am\u00e9liorer les relations patient-e-s \/ m\u00e9decins. Comment? En communicant, cela semble \u00eatre un bon d\u00e9but. Mettre en avant des initiatives ou personnalit\u00e9s du web, pour d\u00e9-diaboliser le corps m\u00e9dical &amp;\u00a0donner plus de cr\u00e9dits aux patient-e-s, expert-e-s de leur propre exp\u00e9rience. Fournir d&rsquo;excellentes r\u00e9f\u00e9rences par l&rsquo;Index. Ainsi faire le tri dans cette \u00e9norme toile d&rsquo;information [&hellip;]<\/p>\n","protected":false},"author":1,"featured_media":0,"parent":0,"menu_order":0,"comment_status":"closed","ping_status":"closed","template":"","meta":[],"_links":{"self":[{"href":"https:\/\/www.canyoutrust.me\/index.php\/wp-json\/wp\/v2\/pages\/22"}],"collection":[{"href":"https:\/\/www.canyoutrust.me\/index.php\/wp-json\/wp\/v2\/pages"}],"about":[{"href":"https:\/\/www.canyoutrust.me\/index.php\/wp-json\/wp\/v2\/types\/page"}],"author":[{"embeddable":true,"href":"https:\/\/www.canyoutrust.me\/index.php\/wp-json\/wp\/v2\/users\/1"}],"replies":[{"embeddable":true,"href":"https:\/\/www.canyoutrust.me\/index.php\/wp-json\/wp\/v2\/comments?post=22"}],"version-history":[{"count":16,"href":"https:\/\/www.canyoutrust.me\/index.php\/wp-json\/wp\/v2\/pages\/22\/revisions"}],"predecessor-version":[{"id":437,"href":"https:\/\/www.canyoutrust.me\/index.php\/wp-json\/wp\/v2\/pages\/22\/revisions\/437"}],"wp:attachment":[{"href":"https:\/\/www.canyoutrust.me\/index.php\/wp-json\/wp\/v2\/media?parent=22"}],"curies":[{"name":"wp","href":"https:\/\/api.w.org\/{rel}","templated":true}]}}