{"id":31,"date":"2016-11-04T23:16:29","date_gmt":"2016-11-04T22:16:29","guid":{"rendered":"https:\/\/www.canyoutrust.me\/?page_id=31"},"modified":"2017-01-14T17:58:38","modified_gmt":"2017-01-14T16:58:38","slug":"index","status":"publish","type":"page","link":"https:\/\/www.canyoutrust.me\/index.php\/fr\/index\/","title":{"rendered":"Index"},"content":{"rendered":"<p style=\"text-align: center;\"><b>Personnalit\u00e9s du Web:<\/b><br \/>\n<a href=\"https:\/\/www.canyoutrust.me\/index.php\/fr\/index\/themes\/\">Soignant-e-s \/ Soign\u00e9-e-s<\/a><\/p>\n<p style=\"text-align: center;\"><b>Autres r\u00e9f\u00e9rences:<\/b><br \/>\n<a href=\"https:\/\/www.canyoutrust.me\/index.php\/index\/associations\/\">Associations et lieux d&rsquo;\u00e9changes<\/a><\/p>\n<p style=\"text-align: center;\">~<\/p>\n<p style=\"text-align: left;\"><em><strong>Remarques:<\/strong><\/em><\/p>\n<ul>\n<li style=\"text-align: left;\">CYT est <strong>bilingue<\/strong>, cliquez sur le drapeau (en) pour d\u00e9couvrir les <strong>r\u00e9f\u00e9rences anglophones<\/strong>!<\/li>\n<\/ul>\n<ul>\n<li style=\"text-align: left;\">CYT n&rsquo;assure pas que les liens de l&rsquo;index soient \u00ab\u00a0<strong><em>safe<\/em><\/strong>\u00a0\u00bb sur tous les sujets, des TW<strong>*<\/strong> peuvent \u00eatre ajout\u00e9s \u00e0 la demande, n&rsquo;h\u00e9sitez pas \u00e0 nous contacter si n\u00e9cessaire.<\/li>\n<\/ul>\n<ul>\n<li style=\"text-align: left;\">Si vous \u00eates r\u00e9f\u00e9renc\u00e9 et que vous ne souhaitez plus figurer dans l&rsquo;index, <a href=\"https:\/\/www.canyoutrust.me\/index.php\/contact\/\">contactez-nous<\/a>.<\/li>\n<\/ul>\n<p style=\"text-align: center;\">~<\/p>\n<p><em><strong>*<\/strong> Les Trigger Warnings (= TW) sont un moyen pour pr\u00e9venir un contenu pouvant choquer.<\/em><\/p>\n<p>&nbsp;<\/p>\n","protected":false},"excerpt":{"rendered":"<p>Personnalit\u00e9s du Web: Soignant-e-s \/ Soign\u00e9-e-s Autres r\u00e9f\u00e9rences: Associations et lieux d&rsquo;\u00e9changes ~ Remarques: CYT est bilingue, cliquez sur le drapeau (en) pour d\u00e9couvrir les r\u00e9f\u00e9rences anglophones! CYT n&rsquo;assure pas que les liens de l&rsquo;index soient \u00ab\u00a0safe\u00a0\u00bb sur tous les sujets, des TW* peuvent \u00eatre ajout\u00e9s \u00e0 la demande, n&rsquo;h\u00e9sitez pas \u00e0 nous contacter si [&hellip;]<\/p>\n","protected":false},"author":1,"featured_media":0,"parent":0,"menu_order":0,"comment_status":"closed","ping_status":"closed","template":"","meta":[],"_links":{"self":[{"href":"https:\/\/www.canyoutrust.me\/index.php\/wp-json\/wp\/v2\/pages\/31"}],"collection":[{"href":"https:\/\/www.canyoutrust.me\/index.php\/wp-json\/wp\/v2\/pages"}],"about":[{"href":"https:\/\/www.canyoutrust.me\/index.php\/wp-json\/wp\/v2\/types\/page"}],"author":[{"embeddable":true,"href":"https:\/\/www.canyoutrust.me\/index.php\/wp-json\/wp\/v2\/users\/1"}],"replies":[{"embeddable":true,"href":"https:\/\/www.canyoutrust.me\/index.php\/wp-json\/wp\/v2\/comments?post=31"}],"version-history":[{"count":13,"href":"https:\/\/www.canyoutrust.me\/index.php\/wp-json\/wp\/v2\/pages\/31\/revisions"}],"predecessor-version":[{"id":276,"href":"https:\/\/www.canyoutrust.me\/index.php\/wp-json\/wp\/v2\/pages\/31\/revisions\/276"}],"wp:attachment":[{"href":"https:\/\/www.canyoutrust.me\/index.php\/wp-json\/wp\/v2\/media?parent=31"}],"curies":[{"name":"wp","href":"https:\/\/api.w.org\/{rel}","templated":true}]}}